{"id":6438,"date":"2022-09-27T06:46:43","date_gmt":"2022-09-27T04:46:43","guid":{"rendered":"https:\/\/neonorma.lv\/par-mums\/"},"modified":"2025-12-12T15:11:41","modified_gmt":"2025-12-12T13:11:41","slug":"par-mums","status":"publish","type":"page","link":"https:\/\/neonorma.lv\/lv\/par-mums\/","title":{"rendered":"Par mums"},"content":{"rendered":"\t\t<div data-elementor-type=\"wp-page\" data-elementor-id=\"6438\" class=\"elementor elementor-6438\">\n\t\t\t\t\t\t<section class=\"elementor-section elementor-top-section elementor-element elementor-element-7a10839 elementor-section-full_width elementor-section-height-default elementor-section-height-default\" data-id=\"7a10839\" data-element_type=\"section\" data-settings=\"{&quot;_ha_eqh_enable&quot;:false}\">\n\t\t\t\t\t\t<div class=\"elementor-container elementor-column-gap-default\">\n\t\t\t\t\t<div class=\"elementor-column elementor-col-100 elementor-top-column elementor-element elementor-element-6698a8b\" data-id=\"6698a8b\" data-element_type=\"column\">\n\t\t\t<div class=\"elementor-widget-wrap elementor-element-populated\">\n\t\t\t\t\t\t<div class=\"elementor-element elementor-element-3e649ed ha-css-transform-yes elementor-invisible elementor-widget elementor-widget-image\" data-id=\"3e649ed\" data-element_type=\"widget\" data-settings=\"{&quot;_animation&quot;:&quot;zoomIn&quot;,&quot;_animation_delay&quot;:100}\" data-widget_type=\"image.default\">\n\t\t\t\t<div class=\"elementor-widget-container\">\n\t\t\t\t\t\t\t\t\t\t\t\t\t\t\t<img fetchpriority=\"high\" decoding=\"async\" width=\"600\" height=\"482\" src=\"https:\/\/neonorma.lv\/wp-content\/uploads\/sites\/2\/2025\/12\/Neonorma_logo_color_notype-1024x822.png\" class=\"attachment-large size-large wp-image-6531\" alt=\"\" srcset=\"https:\/\/neonorma.lv\/wp-content\/uploads\/sites\/2\/2025\/12\/Neonorma_logo_color_notype-1024x822.png 1024w, https:\/\/neonorma.lv\/wp-content\/uploads\/sites\/2\/2025\/12\/Neonorma_logo_color_notype-300x241.png 300w, https:\/\/neonorma.lv\/wp-content\/uploads\/sites\/2\/2025\/12\/Neonorma_logo_color_notype-768x617.png 768w, https:\/\/neonorma.lv\/wp-content\/uploads\/sites\/2\/2025\/12\/Neonorma_logo_color_notype-1536x1234.png 1536w, https:\/\/neonorma.lv\/wp-content\/uploads\/sites\/2\/2025\/12\/Neonorma_logo_color_notype-2048x1645.png 2048w, https:\/\/neonorma.lv\/wp-content\/uploads\/sites\/2\/2025\/12\/Neonorma_logo_color_notype-374x300.png 374w, https:\/\/neonorma.lv\/wp-content\/uploads\/sites\/2\/2025\/12\/Neonorma_logo_color_notype-680x546.png 680w, https:\/\/neonorma.lv\/wp-content\/uploads\/sites\/2\/2025\/12\/Neonorma_logo_color_notype-1494x1200.png 1494w, https:\/\/neonorma.lv\/wp-content\/uploads\/sites\/2\/2025\/12\/Neonorma_logo_color_notype-1200x964.png 1200w, https:\/\/neonorma.lv\/wp-content\/uploads\/sites\/2\/2025\/12\/Neonorma_logo_color_notype-1920x1542.png 1920w\" sizes=\"(max-width: 600px) 100vw, 600px\" \/>\t\t\t\t\t\t\t\t\t\t\t\t\t\t\t<\/div>\n\t\t\t\t<\/div>\n\t\t\t\t\t<\/div>\n\t\t<\/div>\n\t\t\t\t\t<\/div>\n\t\t<\/section>\n\t\t\t\t<section class=\"elementor-section elementor-top-section elementor-element elementor-element-45e4bc3 elementor-section-boxed elementor-section-height-default elementor-section-height-default\" data-id=\"45e4bc3\" data-element_type=\"section\" data-settings=\"{&quot;_ha_eqh_enable&quot;:false}\">\n\t\t\t\t\t\t<div class=\"elementor-container elementor-column-gap-default\">\n\t\t\t\t\t<div class=\"elementor-column elementor-col-100 elementor-top-column elementor-element elementor-element-ad418ff\" data-id=\"ad418ff\" data-element_type=\"column\">\n\t\t\t<div class=\"elementor-widget-wrap elementor-element-populated\">\n\t\t\t\t\t\t<div class=\"elementor-element elementor-element-981a255 elementor-widget elementor-widget-text-editor\" data-id=\"981a255\" data-element_type=\"widget\" data-widget_type=\"text-editor.default\">\n\t\t\t\t<div class=\"elementor-widget-container\">\n\t\t\t\t\t\t\t\t\t<p><em><strong>Neonorma<\/strong><\/em> ir produc\u0113\u0161anas komp\u0101nija, kas pal\u012bdz jaunajiem m\u0101ksliniekiem att\u012bst\u012bt un \u012bstenot inovat\u012bvas kult\u016bras projektu idejas.<\/p>\n\t\t\t\t\t\t\t\t<\/div>\n\t\t\t\t<\/div>\n\t\t\t\t\t<\/div>\n\t\t<\/div>\n\t\t\t\t\t<\/div>\n\t\t<\/section>\n\t\t\t\t<section class=\"elementor-section elementor-top-section elementor-element elementor-element-9405fb6 elementor-hidden-desktop elementor-hidden-tablet elementor-hidden-mobile elementor-section-boxed elementor-section-height-default elementor-section-height-default\" data-id=\"9405fb6\" data-element_type=\"section\" data-settings=\"{&quot;_ha_eqh_enable&quot;:false}\">\n\t\t\t\t\t\t<div class=\"elementor-container elementor-column-gap-default\">\n\t\t\t\t\t<div class=\"elementor-column elementor-col-100 elementor-top-column elementor-element elementor-element-ce85715\" data-id=\"ce85715\" data-element_type=\"column\">\n\t\t\t<div class=\"elementor-widget-wrap elementor-element-populated\">\n\t\t\t\t\t\t<div class=\"elementor-element elementor-element-35d446d elementor-widget elementor-widget-qi_addons_for_elementor_process\" data-id=\"35d446d\" data-element_type=\"widget\" data-widget_type=\"qi_addons_for_elementor_process.default\">\n\t\t\t\t<div class=\"elementor-widget-container\">\n\t\t\t\t\t<div class=\"qodef-shortcode qodef-m qodef-qi-process qodef-qi--has-appear qodef-qi-grid qodef-layout--qi-columns qodef-col-num--4 qodef-item-layout--horizontal qodef-responsive--predefined\">\n\t<div class=\"qodef-grid-inner\">\n\t\t<div class=\"qodef-e qodef-process-item qodef-grid-item elementor-repeater-item-af9bbc5\">\n\t<div class=\"qodef-e-inner\">\n\t\t<div class=\"qodef-e-content\">\n\t\t\t<div class=\"qodef-e-icon-holder\">\n\t<div class=\"qodef-e-icon\">\n\t\t\t\t\t<span class=\"qodef-e-item-icon-text\">\n\t\t\t\t<i aria-hidden=\"true\" class=\"fas fa-search\"><\/i>\t\t\t<\/span>\n\t\t\t<div class=\"qodef-e-number\">\n\t\t\t\t1.\t\t\t<\/div>\n\t\t\t<\/div>\n\t<div class=\"qodef-e-line\">\n\t\t<div class=\"qodef-e-line-inner\"><\/div>\n\t<\/div>\n<\/div>\n\t\t\t\t<h3 class=\"qodef-e-title\">\n\t\tKoncepts\t<\/h3>\n\t\t\t\t<p class=\"qodef-e-text\">\n\t\tNeonorma ir vieta, kur dzimst drosm\u012bgas idejas un jaunas sadarb\u012bbas. M\u0113s piev\u0113r\u0161amies rota\u013c\u012bgiem eksperimentiem, negaid\u012bt\u0101m sadarb\u012bb\u0101m un st\u0101stiem, kas izaicina ierasto.\t<\/p>\n\t\t<\/div>\n\t<\/div>\n<\/div>\n<div class=\"qodef-e qodef-process-item qodef-grid-item elementor-repeater-item-75fa6bc\">\n\t<div class=\"qodef-e-inner\">\n\t\t<div class=\"qodef-e-content\">\n\t\t\t<div class=\"qodef-e-icon-holder\">\n\t<div class=\"qodef-e-icon\">\n\t\t\t\t\t<span class=\"qodef-e-item-icon-text\">\n\t\t\t\t<i aria-hidden=\"true\" class=\"fas fa-paint-brush\"><\/i>\t\t\t<\/span>\n\t\t\t<div class=\"qodef-e-number\">\n\t\t\t\t2.\t\t\t<\/div>\n\t\t\t<\/div>\n\t<div class=\"qodef-e-line\">\n\t\t<div class=\"qodef-e-line-inner\"><\/div>\n\t<\/div>\n<\/div>\n\t\t\t\t<h3 class=\"qodef-e-title\">\n\t\tAtt\u012bst\u012bba\t<\/h3>\n\t\t\t\t<p class=\"qodef-e-text\">\n\t\tM\u0113s izstr\u0101d\u0101jam pl\u0101nu, apkopojam skait\u013cus un sap\u0146u komandu, lai p\u0101rliecin\u0101tos, ka viss ir sagatavots darbam.\t<\/p>\n\t\t<\/div>\n\t<\/div>\n<\/div>\n<div class=\"qodef-e qodef-process-item qodef-grid-item elementor-repeater-item-39da71c\">\n\t<div class=\"qodef-e-inner\">\n\t\t<div class=\"qodef-e-content\">\n\t\t\t<div class=\"qodef-e-icon-holder\">\n\t<div class=\"qodef-e-icon\">\n\t\t\t\t\t<span class=\"qodef-e-item-icon-text\">\n\t\t\t\t<i aria-hidden=\"true\" class=\"fas fa-keyboard\"><\/i>\t\t\t<\/span>\n\t\t\t<div class=\"qodef-e-number\">\n\t\t\t\t3.\t\t\t<\/div>\n\t\t\t<\/div>\n\t<div class=\"qodef-e-line\">\n\t\t<div class=\"qodef-e-line-inner\"><\/div>\n\t<\/div>\n<\/div>\n\t\t\t\t<h3 class=\"qodef-e-title\">\n\t\tRealiz\u0101cija\t<\/h3>\n\t\t\t\t<p class=\"qodef-e-text\">\n\t\tNeatkar\u012bgi no t\u0101, vai t\u0101 ir film\u0113\u0161anas laukums, skatuve vai studija, \u0161eit idejas k\u013c\u016bst re\u0101las.\t<\/p>\n\t\t<\/div>\n\t<\/div>\n<\/div>\n<div class=\"qodef-e qodef-process-item qodef-grid-item elementor-repeater-item-6be8764\">\n\t<div class=\"qodef-e-inner\">\n\t\t<div class=\"qodef-e-content\">\n\t\t\t<div class=\"qodef-e-icon-holder\">\n\t<div class=\"qodef-e-icon\">\n\t\t\t\t\t<span class=\"qodef-e-item-icon-text\">\n\t\t\t\t<i aria-hidden=\"true\" class=\"fas fa-rocket\"><\/i>\t\t\t<\/span>\n\t\t\t<div class=\"qodef-e-number\">\n\t\t\t\t4.\t\t\t<\/div>\n\t\t\t<\/div>\n\t<div class=\"qodef-e-line\">\n\t\t<div class=\"qodef-e-line-inner\"><\/div>\n\t<\/div>\n<\/div>\n\t\t\t\t<h3 class=\"qodef-e-title\">\n\t\tPalaist\t<\/h3>\n\t\t\t\t<p class=\"qodef-e-text\">\n\t\tP\u0113c tam, kad esam noska\u0146oju\u0161i katru deta\u013cu, m\u0113s iedz\u012bvin\u0101m projektu auditorijai - uz ekr\u0101niem, skatuv\u0113m vai ska\u013cru\u0146iem.\t<\/p>\n\t\t<\/div>\n\t<\/div>\n<\/div>\n\t<\/div>\n<\/div>\n\t\t\t\t<\/div>\n\t\t\t\t<\/div>\n\t\t\t\t\t<\/div>\n\t\t<\/div>\n\t\t\t\t\t<\/div>\n\t\t<\/section>\n\t\t\t\t<section class=\"elementor-section elementor-top-section elementor-element elementor-element-3e1a214 elementor-section-stretched elementor-section-boxed elementor-section-height-default elementor-section-height-default\" data-id=\"3e1a214\" data-element_type=\"section\" data-settings=\"{&quot;stretch_section&quot;:&quot;section-stretched&quot;,&quot;background_background&quot;:&quot;classic&quot;,&quot;_ha_eqh_enable&quot;:false}\">\n\t\t\t\t\t\t\t<div class=\"elementor-background-overlay\"><\/div>\n\t\t\t\t\t\t\t<div class=\"elementor-container elementor-column-gap-default\">\n\t\t\t\t\t<div class=\"elementor-column elementor-col-100 elementor-top-column elementor-element elementor-element-49c92c4\" data-id=\"49c92c4\" data-element_type=\"column\">\n\t\t\t<div class=\"elementor-widget-wrap elementor-element-populated\">\n\t\t\t\t\t\t<div class=\"elementor-element elementor-element-c44c5ed elementor-widget elementor-widget-qi_addons_for_elementor_text_marquee\" data-id=\"c44c5ed\" data-element_type=\"widget\" data-widget_type=\"qi_addons_for_elementor_text_marquee.default\">\n\t\t\t\t<div class=\"elementor-widget-container\">\n\t\t\t\t\t<div class=\"qodef-shortcode qodef-m qodef-qi-text-marquee qodef-layout--default\">\n\t<div class=\"qodef-m-content\">\n\t\t<div class=\"qodef-m-text qodef-text--original\">\n\t\t\t\t\t\t\t<span class=\"qodef-m-text-item elementor-repeater-item-15c1e93\" >Filmas<\/span>\n\t\t\t\t\t\t\t\t\t\t\t<span class=\"qodef-m-text-item elementor-repeater-item-11e9a90\" >M\u016bzika<\/span>\n\t\t\t\t\t\t\t\t\t\t\t<span class=\"qodef-m-text-item elementor-repeater-item-f6d32be\" >Te\u0101tris<\/span>\n\t\t\t\t\t\t\t\t\t\t\t<span class=\"qodef-m-text-item elementor-repeater-item-188e0df\" >Literat\u016bra<\/span>\n\t\t\t\t\t\t\t\t\t\t\t<span class=\"qodef-m-text-item elementor-repeater-item-5170097\" >M\u0101ksla<\/span>\n\t\t\t\t\t\t\t\t\t<\/div>\n\t\t<div class=\"qodef-m-text qodef-text--copy\">\n\t\t\t\t\t\t\t<span class=\"qodef-m-text-item elementor-repeater-item-15c1e93\" >Filmas<\/span>\n\t\t\t\t\t\t\t\t\t\t\t<span class=\"qodef-m-text-item elementor-repeater-item-11e9a90\" >M\u016bzika<\/span>\n\t\t\t\t\t\t\t\t\t\t\t<span class=\"qodef-m-text-item elementor-repeater-item-f6d32be\" >Te\u0101tris<\/span>\n\t\t\t\t\t\t\t\t\t\t\t<span class=\"qodef-m-text-item elementor-repeater-item-188e0df\" >Literat\u016bra<\/span>\n\t\t\t\t\t\t\t\t\t\t\t<span class=\"qodef-m-text-item elementor-repeater-item-5170097\" >M\u0101ksla<\/span>\n\t\t\t\t\t\t\t\t\t<\/div>\n\t<\/div>\n<\/div>\n\t\t\t\t<\/div>\n\t\t\t\t<\/div>\n\t\t\t\t<div class=\"elementor-element elementor-element-9ddc022 elementor-widget elementor-widget-qi_addons_for_elementor_text_marquee\" data-id=\"9ddc022\" data-element_type=\"widget\" data-widget_type=\"qi_addons_for_elementor_text_marquee.default\">\n\t\t\t\t<div class=\"elementor-widget-container\">\n\t\t\t\t\t<div class=\"qodef-shortcode qodef-m qodef-qi-text-marquee qodef-layout--default qodef-text-stroke-effect\">\n\t<div class=\"qodef-m-content\">\n\t\t<div class=\"qodef-m-text qodef-text--original\">\n\t\t\t\t\t\t\t<span class=\"qodef-m-text-item elementor-repeater-item-15c1e93\" >Filmas<\/span>\n\t\t\t\t\t\t\t\t\t\t\t<span class=\"qodef-m-text-item elementor-repeater-item-11e9a90\" >M\u016bzika<\/span>\n\t\t\t\t\t\t\t\t\t\t\t<span class=\"qodef-m-text-item elementor-repeater-item-f6d32be\" >Te\u0101tris<\/span>\n\t\t\t\t\t\t\t\t\t\t\t<span class=\"qodef-m-text-item elementor-repeater-item-188e0df\" >Literat\u016bra<\/span>\n\t\t\t\t\t\t\t\t\t\t\t<span class=\"qodef-m-text-item elementor-repeater-item-5170097\" >M\u0101ksla<\/span>\n\t\t\t\t\t\t\t\t\t<\/div>\n\t\t<div class=\"qodef-m-text qodef-text--copy\">\n\t\t\t\t\t\t\t<span class=\"qodef-m-text-item elementor-repeater-item-15c1e93\" >Filmas<\/span>\n\t\t\t\t\t\t\t\t\t\t\t<span class=\"qodef-m-text-item elementor-repeater-item-11e9a90\" >M\u016bzika<\/span>\n\t\t\t\t\t\t\t\t\t\t\t<span class=\"qodef-m-text-item elementor-repeater-item-f6d32be\" >Te\u0101tris<\/span>\n\t\t\t\t\t\t\t\t\t\t\t<span class=\"qodef-m-text-item elementor-repeater-item-188e0df\" >Literat\u016bra<\/span>\n\t\t\t\t\t\t\t\t\t\t\t<span class=\"qodef-m-text-item elementor-repeater-item-5170097\" >M\u0101ksla<\/span>\n\t\t\t\t\t\t\t\t\t<\/div>\n\t<\/div>\n<\/div>\n\t\t\t\t<\/div>\n\t\t\t\t<\/div>\n\t\t\t\t\t<\/div>\n\t\t<\/div>\n\t\t\t\t\t<\/div>\n\t\t<\/section>\n\t\t\t\t<section class=\"elementor-section elementor-top-section elementor-element elementor-element-19ce7d0 elementor-section-boxed elementor-section-height-default elementor-section-height-default\" data-id=\"19ce7d0\" data-element_type=\"section\" data-settings=\"{&quot;_ha_eqh_enable&quot;:false}\">\n\t\t\t\t\t\t<div class=\"elementor-container elementor-column-gap-default\">\n\t\t\t\t\t<div class=\"elementor-column elementor-col-100 elementor-top-column elementor-element elementor-element-644438e\" data-id=\"644438e\" data-element_type=\"column\">\n\t\t\t<div class=\"elementor-widget-wrap elementor-element-populated\">\n\t\t\t\t\t\t<div class=\"elementor-element elementor-element-1516905e elementor-widget elementor-widget-qi_addons_for_elementor_testimonials_slider\" data-id=\"1516905e\" data-element_type=\"widget\" data-widget_type=\"qi_addons_for_elementor_testimonials_slider.default\">\n\t\t\t\t<div class=\"elementor-widget-container\">\n\t\t\t\t\t<div class=\"qodef-shortcode qodef-m qodef-qi-testimonials-slider qodef--swiper-fade qodef-qi-grid qodef-qi-swiper-container qodef-item-layout--side-with-image\" data-options=\"{&quot;direction&quot;:&quot;horizontal&quot;,&quot;slidesPerView&quot;:&quot;1&quot;,&quot;spaceBetween&quot;:30,&quot;spaceBetweenTablet&quot;:30,&quot;spaceBetweenMobile&quot;:30,&quot;effect&quot;:&quot;&quot;,&quot;loop&quot;:false,&quot;autoplay&quot;:false,&quot;centeredSlides&quot;:false,&quot;speed&quot;:&quot;&quot;,&quot;speedAnimation&quot;:&quot;&quot;,&quot;outsideNavigation&quot;:&quot;no&quot;,&quot;outsidePagination&quot;:&quot;no&quot;,&quot;unique&quot;:&quot;1&quot;,&quot;partialValue&quot;:0,&quot;disablePartialValue&quot;:&quot;&quot;,&quot;parallax&quot;:&quot;no&quot;}\">\n\t<div class=\"swiper-wrapper\">\n\t\t<div class=\"qodef-e swiper-slide elementor-repeater-item-cea2f1b\">\n\t<div class=\"qodef-e-inner\">\n\t\t<div class=\"qodef-e-side\">\n\t\t\t\t<div class=\"qodef-e-media-image\">\n\t\t<img decoding=\"async\" width=\"1200\" height=\"1200\" src=\"https:\/\/neonorma.lv\/wp-content\/uploads\/sites\/2\/2025\/10\/Emils-Alps_square.webp\" class=\"attachment-full size-full\" alt=\"\" srcset=\"https:\/\/neonorma.lv\/wp-content\/uploads\/sites\/2\/2025\/10\/Emils-Alps_square.webp 1200w, https:\/\/neonorma.lv\/wp-content\/uploads\/sites\/2\/2025\/10\/Emils-Alps_square-300x300.webp 300w, https:\/\/neonorma.lv\/wp-content\/uploads\/sites\/2\/2025\/10\/Emils-Alps_square-1024x1024.webp 1024w, https:\/\/neonorma.lv\/wp-content\/uploads\/sites\/2\/2025\/10\/Emils-Alps_square-150x150.webp 150w, https:\/\/neonorma.lv\/wp-content\/uploads\/sites\/2\/2025\/10\/Emils-Alps_square-768x768.webp 768w, https:\/\/neonorma.lv\/wp-content\/uploads\/sites\/2\/2025\/10\/Emils-Alps_square-680x680.webp 680w, https:\/\/neonorma.lv\/wp-content\/uploads\/sites\/2\/2025\/10\/Emils-Alps_square-1060x1060.webp 1060w, https:\/\/neonorma.lv\/wp-content\/uploads\/sites\/2\/2025\/10\/Emils-Alps_square-650x650.webp 650w\" sizes=\"(max-width: 1200px) 100vw, 1200px\" \/>\t<\/div>\n\t\t\t\t<div class=\"qodef-e-quote\">\n\t\t<svg class=\"qodef-e-quote-icon\" xmlns=\"http:\/\/www.w3.org\/2000\/svg\" x=\"0px\" y=\"0px\" viewBox=\"0 0 190.5 148\" xml:space=\"preserve\"><g><path d=\"M37.7,146.3L2.1,124.6C19.3,100,28.2,74.1,28.8,46.7V2.3H90v38.8c0,19.3-5,38.8-15.1,58.4C64.9,119,52.5,134.6,37.7,146.3z M133.7,146.3l-35.6-21.7c17.2-24.5,26.2-50.5,26.8-77.9V2.3h61.2v38.8c0,19.3-5,38.8-15.1,58.4C160.9,119,148.5,134.6,133.7,146.3z\"\/><\/g><\/svg>\t<\/div>\n\t\t\t<\/div>\n\t\t<div class=\"qodef-e-content\">\n\t\t\t\t<h2 class=\"qodef-e-title\">\n\t\tEm\u012bls Alps\t<\/h2>\n\t\t\t\t\t<p itemprop=\"description\" class=\"qodef-e-text\">Filmu re\u017eisora un producenta Em\u012bla dibin\u0101t\u0101 studija Neonorma rad\u0101s pateicoties person\u012bgai pieredzei un izpratnei par izaicin\u0101jumiem, ar kuriem saskaras jaunie filmu veidot\u0101ji, uzs\u0101kot savu karjeru. P\u0113c kino re\u017eijas diploma ieg\u016b\u0161anas, Em\u012bls v\u0113l\u0113j\u0101s rast veidu k\u0101 rad\u012bt jaunas iesp\u0113jas ne tikai sev, bet ar\u012b citiem jaunajiem m\u0101ksliniekiem, kas ir gatavi spert savus n\u0101kamos so\u013cus. Koncentr\u0113joties uz jaunu rado\u0161u saik\u0146u veido\u0161anu, vi\u0146\u0161 veicina sadarb\u012bbu starp jauniem talantiem un da\u017e\u0101du discipl\u012bnu profesion\u0101\u013ciem. Neonormas darbs sniedzas t\u0101l\u0101k par kino un aptver pla\u0161u m\u0101kslas mediju spektru. Papildus Neonorma vad\u012b\u0161anai Em\u012bls ir ar\u012b 2ANNAS Starptautisk\u0101 \u012bsfilmu festiv\u0101la producents un vada BalticShorts.com - Baltijas re\u0123iona \u012bsfilmu straum\u0113\u0161anas platformu.<\/p>\n\t\t\t\t<div class=\"qodef-e-author\">\n\t\t<h5 class=\"qodef-e-author-name\">Direktors, producents<\/h5>\n\t\t\t\t\t<span class=\"qodef-e-author-job\">Neonorma<\/span>\n\t\t\t<\/div>\n\t\t<\/div>\n\t<\/div>\n<\/div>\n\t<\/div>\n\t<\/div>\n\t\t\t\t<\/div>\n\t\t\t\t<\/div>\n\t\t\t\t\t<\/div>\n\t\t<\/div>\n\t\t\t\t\t<\/div>\n\t\t<\/section>\n\t\t\t\t<section class=\"elementor-section elementor-top-section elementor-element elementor-element-bd30adf elementor-section-boxed elementor-section-height-default elementor-section-height-default\" data-id=\"bd30adf\" data-element_type=\"section\" data-settings=\"{&quot;_ha_eqh_enable&quot;:false}\">\n\t\t\t\t\t\t<div class=\"elementor-container elementor-column-gap-default\">\n\t\t\t\t\t<div class=\"elementor-column elementor-col-100 elementor-top-column elementor-element elementor-element-dbf18db\" data-id=\"dbf18db\" data-element_type=\"column\">\n\t\t\t<div class=\"elementor-widget-wrap elementor-element-populated\">\n\t\t\t\t\t\t<div class=\"elementor-element elementor-element-e2c182a elementor-invisible elementor-widget elementor-widget-qi_addons_for_elementor_call_to_action\" data-id=\"e2c182a\" data-element_type=\"widget\" data-settings=\"{&quot;_animation&quot;:&quot;fadeInUp&quot;}\" data-widget_type=\"qi_addons_for_elementor_call_to_action.default\">\n\t\t\t\t<div class=\"elementor-widget-container\">\n\t\t\t\t\t<div class=\"qodef-shortcode qodef-m qodef-qi-call-to-action qodef-layout--standard\">\n\t<div class=\"qodef-m-inner\">\n\t\t<div class=\"qodef-m-content\">\n\t\t\t<h2 class=\"qodef-m-title\">\n\t\t\tVai Tev ir ko teikt?\t\t<\/h2>\n\t\t<\/div>\n\t\t\t<div class=\"qodef-m-button\">\n\t\t<a class=\"qodef-shortcode qodef-m qodef-qi-button qodef-html--link qodef-layout--filled qodef-type--standard qodef-size--large qodef-icon--right qodef-hover--icon-move-horizontal-short qodef-text-underline qodef-underline--left\" href=\"https:\/\/neonorma.lv\/lv\/sazina\/\" target=\"_self\">\t<span class=\"qodef-m-text\">Uzraksti mums!<\/span>\t\t<span class=\"qodef-m-icon\">\t\t<span class=\"qodef-m-icon-inner\">\t\t\t<i aria-hidden=\"true\" class=\"fas fa-arrow-right\"><\/i>\t\t\t\t\t<\/span>\t<\/span><\/a>\t<\/div>\n\t\t\t<\/div>\n<\/div>\n\t\t\t\t<\/div>\n\t\t\t\t<\/div>\n\t\t\t\t\t<\/div>\n\t\t<\/div>\n\t\t\t\t\t<\/div>\n\t\t<\/section>\n\t\t\t\t<\/div>\n\t\t","protected":false},"excerpt":{"rendered":"<p>Neonorma ir produc\u0113\u0161anas komp\u0101nija, kas pal\u012bdz jaunajiem m\u0101ksliniekiem att\u012bst\u012bt un \u012bstenot inovat\u012bvas kult\u016bras projektu idejas. 1. Koncepts Neonorma ir vieta, kur dzimst drosm\u012bgas idejas un jaunas sadarb\u012bbas. M\u0113s piev\u0113r\u0161amies rota\u013c\u012bgiem eksperimentiem, negaid\u012bt\u0101m sadarb\u012bb\u0101m un st\u0101stiem, kas izaicina ierasto. 2. Att\u012bst\u012bba M\u0113s izstr\u0101d\u0101jam pl\u0101nu, apkopojam skait\u013cus un sap\u0146u komandu, lai p\u0101rliecin\u0101tos, ka viss ir sagatavots darbam&#8230;. <\/p>\n<p class=\"more\"> <a class=\"more-link\" href=\"https:\/\/neonorma.lv\/lv\/par-mums\/\">Read More<\/a> <\/p>\n","protected":false},"author":1,"featured_media":0,"parent":0,"menu_order":0,"comment_status":"closed","ping_status":"closed","template":"","meta":{"footnotes":""},"class_list":["post-6438","page","type-page","status-publish","hentry"],"_links":{"self":[{"href":"https:\/\/neonorma.lv\/lv\/wp-json\/wp\/v2\/pages\/6438","targetHints":{"allow":["GET"]}}],"collection":[{"href":"https:\/\/neonorma.lv\/lv\/wp-json\/wp\/v2\/pages"}],"about":[{"href":"https:\/\/neonorma.lv\/lv\/wp-json\/wp\/v2\/types\/page"}],"author":[{"embeddable":true,"href":"https:\/\/neonorma.lv\/lv\/wp-json\/wp\/v2\/users\/1"}],"replies":[{"embeddable":true,"href":"https:\/\/neonorma.lv\/lv\/wp-json\/wp\/v2\/comments?post=6438"}],"version-history":[{"count":4,"href":"https:\/\/neonorma.lv\/lv\/wp-json\/wp\/v2\/pages\/6438\/revisions"}],"predecessor-version":[{"id":6537,"href":"https:\/\/neonorma.lv\/lv\/wp-json\/wp\/v2\/pages\/6438\/revisions\/6537"}],"wp:attachment":[{"href":"https:\/\/neonorma.lv\/lv\/wp-json\/wp\/v2\/media?parent=6438"}],"curies":[{"name":"wp","href":"https:\/\/api.w.org\/{rel}","templated":true}]}}