{"id":6253,"date":"2022-06-04T15:00:10","date_gmt":"2022-06-04T13:00:10","guid":{"rendered":"https:\/\/neonorma.lv\/sazina\/"},"modified":"2025-10-27T14:19:24","modified_gmt":"2025-10-27T12:19:24","slug":"sazina","status":"publish","type":"page","link":"https:\/\/neonorma.lv\/lv\/sazina\/","title":{"rendered":"Sazi\u0146a"},"content":{"rendered":"\t\t<div data-elementor-type=\"wp-page\" data-elementor-id=\"6253\" class=\"elementor elementor-6253\" data-elementor-settings=\"{&quot;ha_cmc_init_switcher&quot;:&quot;no&quot;}\">\n\t\t\t\t\t\t<section class=\"elementor-section elementor-top-section elementor-element elementor-element-57402bba elementor-section-boxed elementor-section-height-default elementor-section-height-default\" data-id=\"57402bba\" data-element_type=\"section\" data-settings=\"{&quot;_ha_eqh_enable&quot;:false}\">\n\t\t\t\t\t\t<div class=\"elementor-container elementor-column-gap-default\">\n\t\t\t\t\t<div class=\"elementor-column elementor-col-100 elementor-top-column elementor-element elementor-element-69713d1b\" data-id=\"69713d1b\" data-element_type=\"column\">\n\t\t\t<div class=\"elementor-widget-wrap elementor-element-populated\">\n\t\t\t\t\t\t<div class=\"elementor-element elementor-element-26f5932 elementor-widget elementor-widget-text-editor\" data-id=\"26f5932\" data-element_type=\"widget\" data-widget_type=\"text-editor.default\">\n\t\t\t\t<div class=\"elementor-widget-container\">\n\t\t\t\t\t\t\t\t\t\n<div class=\"wp-block-columns\">\n<div class=\"wp-block-column is-vertically-aligned-bottom\" style=\"flex-basis: 50%;\">\n<h1>Vai Tev ir ko teikt?<br>Uzraksti mums!<\/h1>\n<\/div>\n\n<div class=\"wp-block-column is-vertically-aligned-top\">\n<h5>M\u016bsu m\u0101jas<\/h5>\n\n<h3 style=\"font-style: normal; font-weight: 400;\">R\u012bga, Latvija<\/h3>\n<\/div>\n\n<div class=\"wp-block-column is-vertically-aligned-top\">\n<h5>Sazinies ar mums<\/h5>\n\n<h3 style=\"font-style: normal; font-weight: 400;\"><a href=\"mailto:info@neonorma.lv\" target=\"_blank\" rel=\"noreferrer noopener\" data-type=\"mailto\" data-id=\"mailto:hello@janeheitz.com\">info@neonorma.lv<\/a><\/h3>\n\n<div class=\"wp-block-group\">\n<ul class=\"wp-block-social-links has-icon-color is-style-logos-only\"><\/ul>\n<\/div>\n<\/div>\n<\/div>\n\t\t\t\t\t\t\t\t<\/div>\n\t\t\t\t<\/div>\n\t\t\t\t\t<\/div>\n\t\t<\/div>\n\t\t\t\t\t<\/div>\n\t\t<\/section>\n\t\t\t\t<\/div>\n\t\t","protected":false},"excerpt":{"rendered":"<p>Vai Tev ir ko teikt?Uzraksti mums! M\u016bsu m\u0101jas R\u012bga, Latvija Sazinies ar mums info@neonorma.lv<\/p>\n","protected":false},"author":1,"featured_media":0,"parent":0,"menu_order":0,"comment_status":"closed","ping_status":"closed","template":"","meta":{"footnotes":""},"class_list":["post-6253","page","type-page","status-publish","hentry"],"_links":{"self":[{"href":"https:\/\/neonorma.lv\/lv\/wp-json\/wp\/v2\/pages\/6253","targetHints":{"allow":["GET"]}}],"collection":[{"href":"https:\/\/neonorma.lv\/lv\/wp-json\/wp\/v2\/pages"}],"about":[{"href":"https:\/\/neonorma.lv\/lv\/wp-json\/wp\/v2\/types\/page"}],"author":[{"embeddable":true,"href":"https:\/\/neonorma.lv\/lv\/wp-json\/wp\/v2\/users\/1"}],"replies":[{"embeddable":true,"href":"https:\/\/neonorma.lv\/lv\/wp-json\/wp\/v2\/comments?post=6253"}],"version-history":[{"count":7,"href":"https:\/\/neonorma.lv\/lv\/wp-json\/wp\/v2\/pages\/6253\/revisions"}],"predecessor-version":[{"id":6441,"href":"https:\/\/neonorma.lv\/lv\/wp-json\/wp\/v2\/pages\/6253\/revisions\/6441"}],"wp:attachment":[{"href":"https:\/\/neonorma.lv\/lv\/wp-json\/wp\/v2\/media?parent=6253"}],"curies":[{"name":"wp","href":"https:\/\/api.w.org\/{rel}","templated":true}]}}