{"id":6251,"date":"2021-06-14T08:53:11","date_gmt":"2021-06-14T08:53:11","guid":{"rendered":"https:\/\/neonorma.lv\/404-2\/"},"modified":"2024-06-27T23:25:53","modified_gmt":"2024-06-27T23:25:53","slug":"404-2","status":"publish","type":"page","link":"https:\/\/neonorma.lv\/lv\/404-2\/","title":{"rendered":"404"},"content":{"rendered":"\t\t<div data-elementor-type=\"wp-page\" data-elementor-id=\"6251\" class=\"elementor elementor-6251\" data-elementor-settings=\"{&quot;ha_cmc_init_switcher&quot;:&quot;no&quot;}\">\n\t\t\t\t\t\t<section class=\"elementor-section elementor-top-section elementor-element elementor-element-926e8a0 elementor-section-height-full elementor-section-boxed elementor-section-height-default elementor-section-items-middle\" data-id=\"926e8a0\" data-element_type=\"section\" data-settings=\"{&quot;background_background&quot;:&quot;classic&quot;,&quot;_ha_eqh_enable&quot;:false}\">\n\t\t\t\t\t\t<div class=\"elementor-container elementor-column-gap-default\">\n\t\t\t\t\t<div class=\"elementor-column elementor-col-100 elementor-top-column elementor-element elementor-element-99cf0bd\" data-id=\"99cf0bd\" data-element_type=\"column\">\n\t\t\t<div class=\"elementor-widget-wrap elementor-element-populated\">\n\t\t\t\t\t\t<div class=\"elementor-element elementor-element-a011681 elementor-widget elementor-widget-heading\" data-id=\"a011681\" data-element_type=\"widget\" data-widget_type=\"heading.default\">\n\t\t\t\t<div class=\"elementor-widget-container\">\n\t\t\t\t\t<h2 class=\"elementor-heading-title elementor-size-default\"><u>Lapa nav atrasta<\/u><\/h2>\t\t\t\t<\/div>\n\t\t\t\t<\/div>\n\t\t\t\t<div class=\"elementor-element elementor-element-1870786 elementor-widget elementor-widget-text-editor\" data-id=\"1870786\" data-element_type=\"widget\" data-widget_type=\"text-editor.default\">\n\t\t\t\t<div class=\"elementor-widget-container\">\n\t\t\t\t\t\t\t\t\t<p>\u0160\u012b lapa neeksist\u0113 vai ir p\u0101rvietota.<\/p>\n\t\t\t\t\t\t\t\t<\/div>\n\t\t\t\t<\/div>\n\t\t\t\t<div class=\"elementor-element elementor-element-86395fc elementor-button-theme-button-elipse elementor-align-center elementor-widget elementor-widget-button\" data-id=\"86395fc\" data-element_type=\"widget\" data-widget_type=\"button.default\">\n\t\t\t\t<div class=\"elementor-widget-container\">\n\t\t\t\t\t\t\t\t\t<div class=\"elementor-button-wrapper\">\n\t\t\t\t\t<a class=\"elementor-button elementor-button-link elementor-size-md\" href=\"#\">\n\t\t\t\t\t\t<span class=\"elementor-button-content-wrapper\">\n\t\t\t\t\t\t\t\t\t<span class=\"elementor-button-text\">Atgriezties atpaka\u013c<\/span>\n\t\t\t\t\t<\/span>\n\t\t\t\t\t<\/a>\n\t\t\t\t<\/div>\n\t\t\t\t\t\t\t\t<\/div>\n\t\t\t\t<\/div>\n\t\t\t\t\t<\/div>\n\t\t<\/div>\n\t\t\t\t\t<\/div>\n\t\t<\/section>\n\t\t\t\t<\/div>\n\t\t","protected":false},"excerpt":{"rendered":"<p>Lapa nav atrasta \u0160\u012b lapa neeksist\u0113 vai ir p\u0101rvietota. Atgriezties atpaka\u013c<\/p>\n","protected":false},"author":1,"featured_media":0,"parent":0,"menu_order":0,"comment_status":"closed","ping_status":"closed","template":"","meta":{"footnotes":""},"class_list":["post-6251","page","type-page","status-publish","hentry"],"_links":{"self":[{"href":"https:\/\/neonorma.lv\/lv\/wp-json\/wp\/v2\/pages\/6251","targetHints":{"allow":["GET"]}}],"collection":[{"href":"https:\/\/neonorma.lv\/lv\/wp-json\/wp\/v2\/pages"}],"about":[{"href":"https:\/\/neonorma.lv\/lv\/wp-json\/wp\/v2\/types\/page"}],"author":[{"embeddable":true,"href":"https:\/\/neonorma.lv\/lv\/wp-json\/wp\/v2\/users\/1"}],"replies":[{"embeddable":true,"href":"https:\/\/neonorma.lv\/lv\/wp-json\/wp\/v2\/comments?post=6251"}],"version-history":[{"count":1,"href":"https:\/\/neonorma.lv\/lv\/wp-json\/wp\/v2\/pages\/6251\/revisions"}],"predecessor-version":[{"id":6252,"href":"https:\/\/neonorma.lv\/lv\/wp-json\/wp\/v2\/pages\/6251\/revisions\/6252"}],"wp:attachment":[{"href":"https:\/\/neonorma.lv\/lv\/wp-json\/wp\/v2\/media?parent=6251"}],"curies":[{"name":"wp","href":"https:\/\/api.w.org\/{rel}","templated":true}]}}